{"id":16,"date":"2019-10-26T18:18:30","date_gmt":"2019-10-26T17:18:30","guid":{"rendered":"https:\/\/dmc-baleares.com\/fr\/?page_id=16"},"modified":"2021-05-05T22:45:52","modified_gmt":"2021-05-05T21:45:52","slug":"que-faisons-nous","status":"publish","type":"page","link":"https:\/\/dmc-baleares.com\/fr\/que-faisons-nous\/","title":{"rendered":"Que Faisons-nous"},"content":{"rendered":"","protected":false},"excerpt":{"rendered":"","protected":false},"author":1,"featured_media":0,"parent":0,"menu_order":4,"comment_status":"closed","ping_status":"closed","template":"","meta":[],"yoast_head":"<!-- This site is optimized with the Yoast SEO plugin v16.1.1 - https:\/\/yoast.com\/wordpress\/plugins\/seo\/ -->\n<meta name=\"description\" content=\"S\u00e9minaire aux Bal\u00e9ares : organisons ensemble votre s\u00e9minaire et incentive sur-mesure avec activit\u00e9s originales \u00e0 Ibiza, Majorque et Minorque.\" \/>\n<link rel=\"canonical\" href=\"https:\/\/dmc-baleares.com\/fr\/que-faisons-nous\/\" \/>\n<meta property=\"og:locale\" content=\"en_US\" \/>\n<meta property=\"og:type\" content=\"article\" \/>\n<meta property=\"og:title\" content=\"Que Faisons-nous - DMC Baleares FR\" \/>\n<meta property=\"og:description\" content=\"S\u00e9minaire aux Bal\u00e9ares : organisons ensemble votre s\u00e9minaire et incentive sur-mesure avec activit\u00e9s originales \u00e0 Ibiza, Majorque et Minorque.\" \/>\n<meta property=\"og:url\" content=\"https:\/\/dmc-baleares.com\/fr\/que-faisons-nous\/\" \/>\n<meta property=\"og:site_name\" content=\"DMC Baleares FR\" \/>\n<meta property=\"article:modified_time\" content=\"2021-05-05T21:45:52+00:00\" \/>\n<meta name=\"twitter:card\" content=\"summary_large_image\" \/>\n<script type=\"application\/ld+json\" class=\"yoast-schema-graph\">{\"@context\":\"https:\/\/schema.org\",\"@graph\":[{\"@type\":\"WebSite\",\"@id\":\"https:\/\/dmc-baleares.com\/fr\/#website\",\"url\":\"https:\/\/dmc-baleares.com\/fr\/\",\"name\":\"DMC Baleares FR\",\"description\":\"Agence r\\u00e9ceptive aux Bal\\u00e9ares\",\"potentialAction\":[{\"@type\":\"SearchAction\",\"target\":\"https:\/\/dmc-baleares.com\/fr\/?s={search_term_string}\",\"query-input\":\"required name=search_term_string\"}],\"inLanguage\":\"en-US\"},{\"@type\":\"WebPage\",\"@id\":\"https:\/\/dmc-baleares.com\/fr\/que-faisons-nous\/#webpage\",\"url\":\"https:\/\/dmc-baleares.com\/fr\/que-faisons-nous\/\",\"name\":\"Que Faisons-nous - DMC Baleares FR\",\"isPartOf\":{\"@id\":\"https:\/\/dmc-baleares.com\/fr\/#website\"},\"datePublished\":\"2019-10-26T17:18:30+00:00\",\"dateModified\":\"2021-05-05T21:45:52+00:00\",\"description\":\"S\\u00e9minaire aux Bal\\u00e9ares : organisons ensemble votre s\\u00e9minaire et incentive sur-mesure avec activit\\u00e9s originales \\u00e0 Ibiza, Majorque et Minorque.\",\"breadcrumb\":{\"@id\":\"https:\/\/dmc-baleares.com\/fr\/que-faisons-nous\/#breadcrumb\"},\"inLanguage\":\"en-US\",\"potentialAction\":[{\"@type\":\"ReadAction\",\"target\":[\"https:\/\/dmc-baleares.com\/fr\/que-faisons-nous\/\"]}]},{\"@type\":\"BreadcrumbList\",\"@id\":\"https:\/\/dmc-baleares.com\/fr\/que-faisons-nous\/#breadcrumb\",\"itemListElement\":[{\"@type\":\"ListItem\",\"position\":1,\"item\":{\"@type\":\"WebPage\",\"@id\":\"https:\/\/dmc-baleares.com\/fr\/\",\"url\":\"https:\/\/dmc-baleares.com\/fr\/\",\"name\":\"Home\"}},{\"@type\":\"ListItem\",\"position\":2,\"item\":{\"@type\":\"WebPage\",\"@id\":\"https:\/\/dmc-baleares.com\/fr\/que-faisons-nous\/\",\"url\":\"https:\/\/dmc-baleares.com\/fr\/que-faisons-nous\/\",\"name\":\"Que Faisons-nous\"}}]}]}<\/script>\n<!-- \/ Yoast SEO plugin. -->","_links":{"self":[{"href":"https:\/\/dmc-baleares.com\/fr\/wp-json\/wp\/v2\/pages\/16"}],"collection":[{"href":"https:\/\/dmc-baleares.com\/fr\/wp-json\/wp\/v2\/pages"}],"about":[{"href":"https:\/\/dmc-baleares.com\/fr\/wp-json\/wp\/v2\/types\/page"}],"author":[{"embeddable":true,"href":"https:\/\/dmc-baleares.com\/fr\/wp-json\/wp\/v2\/users\/1"}],"replies":[{"embeddable":true,"href":"https:\/\/dmc-baleares.com\/fr\/wp-json\/wp\/v2\/comments?post=16"}],"version-history":[{"count":20,"href":"https:\/\/dmc-baleares.com\/fr\/wp-json\/wp\/v2\/pages\/16\/revisions"}],"predecessor-version":[{"id":1023,"href":"https:\/\/dmc-baleares.com\/fr\/wp-json\/wp\/v2\/pages\/16\/revisions\/1023"}],"wp:attachment":[{"href":"https:\/\/dmc-baleares.com\/fr\/wp-json\/wp\/v2\/media?parent=16"}],"curies":[{"name":"wp","href":"https:\/\/api.w.org\/{rel}","templated":true}]}}