{"id":26,"date":"2019-10-26T18:20:10","date_gmt":"2019-10-26T17:20:10","guid":{"rendered":"https:\/\/dmc-baleares.com\/fr\/?page_id=26"},"modified":"2021-05-06T20:55:16","modified_gmt":"2021-05-06T19:55:16","slug":"ibiza","status":"publish","type":"page","link":"https:\/\/dmc-baleares.com\/fr\/destination\/ibiza\/","title":{"rendered":"Ibiza"},"content":{"rendered":"<p>2<\/p>\n","protected":false},"excerpt":{"rendered":"<p>2<\/p>\n","protected":false},"author":1,"featured_media":0,"parent":12,"menu_order":1,"comment_status":"closed","ping_status":"closed","template":"","meta":[],"yoast_head":"<!-- This site is optimized with the Yoast SEO plugin v16.1.1 - https:\/\/yoast.com\/wordpress\/plugins\/seo\/ -->\n<meta name=\"description\" content=\"Agence r\u00e9ceptive locale francophone \u00e0 Ibiza. Pro Voyages, sp\u00e9cialiste en organisation de incentives, s\u00e9minaires, congr\u00e8s et \u00e9v\u00e9nements.\" \/>\n<link rel=\"canonical\" href=\"https:\/\/dmc-baleares.com\/fr\/destination\/ibiza\/\" \/>\n<meta property=\"og:locale\" content=\"en_US\" \/>\n<meta property=\"og:type\" content=\"article\" \/>\n<meta property=\"og:title\" content=\"Ibiza - DMC Baleares FR\" \/>\n<meta property=\"og:description\" content=\"Agence r\u00e9ceptive locale francophone \u00e0 Ibiza. Pro Voyages, sp\u00e9cialiste en organisation de incentives, s\u00e9minaires, congr\u00e8s et \u00e9v\u00e9nements.\" \/>\n<meta property=\"og:url\" content=\"https:\/\/dmc-baleares.com\/fr\/destination\/ibiza\/\" \/>\n<meta property=\"og:site_name\" content=\"DMC Baleares FR\" \/>\n<meta property=\"article:modified_time\" content=\"2021-05-06T19:55:16+00:00\" \/>\n<meta name=\"twitter:card\" content=\"summary_large_image\" \/>\n<script type=\"application\/ld+json\" class=\"yoast-schema-graph\">{\"@context\":\"https:\/\/schema.org\",\"@graph\":[{\"@type\":\"WebSite\",\"@id\":\"https:\/\/dmc-baleares.com\/fr\/#website\",\"url\":\"https:\/\/dmc-baleares.com\/fr\/\",\"name\":\"DMC Baleares FR\",\"description\":\"Agence r\\u00e9ceptive aux Bal\\u00e9ares\",\"potentialAction\":[{\"@type\":\"SearchAction\",\"target\":\"https:\/\/dmc-baleares.com\/fr\/?s={search_term_string}\",\"query-input\":\"required name=search_term_string\"}],\"inLanguage\":\"en-US\"},{\"@type\":\"WebPage\",\"@id\":\"https:\/\/dmc-baleares.com\/fr\/destination\/ibiza\/#webpage\",\"url\":\"https:\/\/dmc-baleares.com\/fr\/destination\/ibiza\/\",\"name\":\"Ibiza - DMC Baleares FR\",\"isPartOf\":{\"@id\":\"https:\/\/dmc-baleares.com\/fr\/#website\"},\"datePublished\":\"2019-10-26T17:20:10+00:00\",\"dateModified\":\"2021-05-06T19:55:16+00:00\",\"description\":\"Agence r\\u00e9ceptive locale francophone \\u00e0 Ibiza. Pro Voyages, sp\\u00e9cialiste en organisation de incentives, s\\u00e9minaires, congr\\u00e8s et \\u00e9v\\u00e9nements.\",\"breadcrumb\":{\"@id\":\"https:\/\/dmc-baleares.com\/fr\/destination\/ibiza\/#breadcrumb\"},\"inLanguage\":\"en-US\",\"potentialAction\":[{\"@type\":\"ReadAction\",\"target\":[\"https:\/\/dmc-baleares.com\/fr\/destination\/ibiza\/\"]}]},{\"@type\":\"BreadcrumbList\",\"@id\":\"https:\/\/dmc-baleares.com\/fr\/destination\/ibiza\/#breadcrumb\",\"itemListElement\":[{\"@type\":\"ListItem\",\"position\":1,\"item\":{\"@type\":\"WebPage\",\"@id\":\"https:\/\/dmc-baleares.com\/fr\/\",\"url\":\"https:\/\/dmc-baleares.com\/fr\/\",\"name\":\"Home\"}},{\"@type\":\"ListItem\",\"position\":2,\"item\":{\"@type\":\"WebPage\",\"@id\":\"https:\/\/dmc-baleares.com\/fr\/destination\/\",\"url\":\"https:\/\/dmc-baleares.com\/fr\/destination\/\",\"name\":\"Destination\"}},{\"@type\":\"ListItem\",\"position\":3,\"item\":{\"@type\":\"WebPage\",\"@id\":\"https:\/\/dmc-baleares.com\/fr\/destination\/ibiza\/\",\"url\":\"https:\/\/dmc-baleares.com\/fr\/destination\/ibiza\/\",\"name\":\"Ibiza\"}}]}]}<\/script>\n<!-- \/ Yoast SEO plugin. -->","_links":{"self":[{"href":"https:\/\/dmc-baleares.com\/fr\/wp-json\/wp\/v2\/pages\/26"}],"collection":[{"href":"https:\/\/dmc-baleares.com\/fr\/wp-json\/wp\/v2\/pages"}],"about":[{"href":"https:\/\/dmc-baleares.com\/fr\/wp-json\/wp\/v2\/types\/page"}],"author":[{"embeddable":true,"href":"https:\/\/dmc-baleares.com\/fr\/wp-json\/wp\/v2\/users\/1"}],"replies":[{"embeddable":true,"href":"https:\/\/dmc-baleares.com\/fr\/wp-json\/wp\/v2\/comments?post=26"}],"version-history":[{"count":24,"href":"https:\/\/dmc-baleares.com\/fr\/wp-json\/wp\/v2\/pages\/26\/revisions"}],"predecessor-version":[{"id":1007,"href":"https:\/\/dmc-baleares.com\/fr\/wp-json\/wp\/v2\/pages\/26\/revisions\/1007"}],"up":[{"embeddable":true,"href":"https:\/\/dmc-baleares.com\/fr\/wp-json\/wp\/v2\/pages\/12"}],"wp:attachment":[{"href":"https:\/\/dmc-baleares.com\/fr\/wp-json\/wp\/v2\/media?parent=26"}],"curies":[{"name":"wp","href":"https:\/\/api.w.org\/{rel}","templated":true}]}}