{"id":300,"date":"2019-11-06T16:43:19","date_gmt":"2019-11-06T16:43:19","guid":{"rendered":"https:\/\/dmc-baleares.com\/fr\/?page_id=300"},"modified":"2023-04-25T09:17:05","modified_gmt":"2023-04-25T08:17:05","slug":"congres","status":"publish","type":"page","link":"https:\/\/dmc-baleares.com\/fr\/que-faisons-nous\/congres\/","title":{"rendered":"Congr\u00e8s"},"content":{"rendered":"","protected":false},"excerpt":{"rendered":"","protected":false},"author":1,"featured_media":0,"parent":16,"menu_order":4,"comment_status":"closed","ping_status":"closed","template":"","meta":[],"yoast_head":"<!-- This site is optimized with the Yoast SEO plugin v16.1.1 - https:\/\/yoast.com\/wordpress\/plugins\/seo\/ -->\n<meta name=\"description\" content=\"Organisateur professionnel de congr\u00e8s (PGO) bas\u00e9 \u00e0 Majorque, nous sommes sp\u00e9cialis\u00e9s dans la gestion de congr\u00e8s et conventions aux Bal\u00e9ares.\" \/>\n<link rel=\"canonical\" href=\"https:\/\/dmc-baleares.com\/fr\/que-faisons-nous\/congres\/\" \/>\n<meta property=\"og:locale\" content=\"en_US\" \/>\n<meta property=\"og:type\" content=\"article\" \/>\n<meta property=\"og:title\" content=\"Congr\u00e8s - DMC Baleares FR\" \/>\n<meta property=\"og:description\" content=\"Organisateur professionnel de congr\u00e8s (PGO) bas\u00e9 \u00e0 Majorque, nous sommes sp\u00e9cialis\u00e9s dans la gestion de congr\u00e8s et conventions aux Bal\u00e9ares.\" \/>\n<meta property=\"og:url\" content=\"https:\/\/dmc-baleares.com\/fr\/que-faisons-nous\/congres\/\" \/>\n<meta property=\"og:site_name\" content=\"DMC Baleares FR\" \/>\n<meta property=\"article:modified_time\" content=\"2023-04-25T08:17:05+00:00\" \/>\n<meta name=\"twitter:card\" content=\"summary_large_image\" \/>\n<script type=\"application\/ld+json\" class=\"yoast-schema-graph\">{\"@context\":\"https:\/\/schema.org\",\"@graph\":[{\"@type\":\"WebSite\",\"@id\":\"https:\/\/dmc-baleares.com\/fr\/#website\",\"url\":\"https:\/\/dmc-baleares.com\/fr\/\",\"name\":\"DMC Baleares FR\",\"description\":\"Agence r\\u00e9ceptive aux Bal\\u00e9ares\",\"potentialAction\":[{\"@type\":\"SearchAction\",\"target\":\"https:\/\/dmc-baleares.com\/fr\/?s={search_term_string}\",\"query-input\":\"required name=search_term_string\"}],\"inLanguage\":\"en-US\"},{\"@type\":\"WebPage\",\"@id\":\"https:\/\/dmc-baleares.com\/fr\/que-faisons-nous\/congres\/#webpage\",\"url\":\"https:\/\/dmc-baleares.com\/fr\/que-faisons-nous\/congres\/\",\"name\":\"Congr\\u00e8s - DMC Baleares FR\",\"isPartOf\":{\"@id\":\"https:\/\/dmc-baleares.com\/fr\/#website\"},\"datePublished\":\"2019-11-06T16:43:19+00:00\",\"dateModified\":\"2023-04-25T08:17:05+00:00\",\"description\":\"Organisateur professionnel de congr\\u00e8s (PGO) bas\\u00e9 \\u00e0 Majorque, nous sommes sp\\u00e9cialis\\u00e9s dans la gestion de congr\\u00e8s et conventions aux Bal\\u00e9ares.\",\"breadcrumb\":{\"@id\":\"https:\/\/dmc-baleares.com\/fr\/que-faisons-nous\/congres\/#breadcrumb\"},\"inLanguage\":\"en-US\",\"potentialAction\":[{\"@type\":\"ReadAction\",\"target\":[\"https:\/\/dmc-baleares.com\/fr\/que-faisons-nous\/congres\/\"]}]},{\"@type\":\"BreadcrumbList\",\"@id\":\"https:\/\/dmc-baleares.com\/fr\/que-faisons-nous\/congres\/#breadcrumb\",\"itemListElement\":[{\"@type\":\"ListItem\",\"position\":1,\"item\":{\"@type\":\"WebPage\",\"@id\":\"https:\/\/dmc-baleares.com\/fr\/\",\"url\":\"https:\/\/dmc-baleares.com\/fr\/\",\"name\":\"Home\"}},{\"@type\":\"ListItem\",\"position\":2,\"item\":{\"@type\":\"WebPage\",\"@id\":\"https:\/\/dmc-baleares.com\/fr\/que-faisons-nous\/\",\"url\":\"https:\/\/dmc-baleares.com\/fr\/que-faisons-nous\/\",\"name\":\"Que Faisons-nous\"}},{\"@type\":\"ListItem\",\"position\":3,\"item\":{\"@type\":\"WebPage\",\"@id\":\"https:\/\/dmc-baleares.com\/fr\/que-faisons-nous\/congres\/\",\"url\":\"https:\/\/dmc-baleares.com\/fr\/que-faisons-nous\/congres\/\",\"name\":\"Congr\\u00e8s\"}}]}]}<\/script>\n<!-- \/ Yoast SEO plugin. -->","_links":{"self":[{"href":"https:\/\/dmc-baleares.com\/fr\/wp-json\/wp\/v2\/pages\/300"}],"collection":[{"href":"https:\/\/dmc-baleares.com\/fr\/wp-json\/wp\/v2\/pages"}],"about":[{"href":"https:\/\/dmc-baleares.com\/fr\/wp-json\/wp\/v2\/types\/page"}],"author":[{"embeddable":true,"href":"https:\/\/dmc-baleares.com\/fr\/wp-json\/wp\/v2\/users\/1"}],"replies":[{"embeddable":true,"href":"https:\/\/dmc-baleares.com\/fr\/wp-json\/wp\/v2\/comments?post=300"}],"version-history":[{"count":17,"href":"https:\/\/dmc-baleares.com\/fr\/wp-json\/wp\/v2\/pages\/300\/revisions"}],"predecessor-version":[{"id":1738,"href":"https:\/\/dmc-baleares.com\/fr\/wp-json\/wp\/v2\/pages\/300\/revisions\/1738"}],"up":[{"embeddable":true,"href":"https:\/\/dmc-baleares.com\/fr\/wp-json\/wp\/v2\/pages\/16"}],"wp:attachment":[{"href":"https:\/\/dmc-baleares.com\/fr\/wp-json\/wp\/v2\/media?parent=300"}],"curies":[{"name":"wp","href":"https:\/\/api.w.org\/{rel}","templated":true}]}}