{"id":32,"date":"2019-10-26T18:20:53","date_gmt":"2019-10-26T17:20:53","guid":{"rendered":"https:\/\/dmc-baleares.com\/fr\/?page_id=32"},"modified":"2023-04-25T09:23:05","modified_gmt":"2023-04-25T08:23:05","slug":"rencontrez-lequipe","status":"publish","type":"page","link":"https:\/\/dmc-baleares.com\/fr\/qui-sommes-nous\/rencontrez-lequipe\/","title":{"rendered":"Rencontrez l&#8217;\u00e9quipe"},"content":{"rendered":"","protected":false},"excerpt":{"rendered":"","protected":false},"author":1,"featured_media":0,"parent":14,"menu_order":2,"comment_status":"closed","ping_status":"closed","template":"","meta":[],"yoast_head":"<!-- This site is optimized with the Yoast SEO plugin v16.1.1 - https:\/\/yoast.com\/wordpress\/plugins\/seo\/ -->\n<meta name=\"description\" content=\"DMC local aux \u00eeles Bal\u00e9ares avec une \u00e9quipe de professionnels pour un incentive, s\u00e9minaire et team building \u00e0 Majorque, Ibiza &amp; Minorque.\" \/>\n<link rel=\"canonical\" href=\"https:\/\/dmc-baleares.com\/fr\/qui-sommes-nous\/rencontrez-lequipe\/\" \/>\n<meta property=\"og:locale\" content=\"en_US\" \/>\n<meta property=\"og:type\" content=\"article\" \/>\n<meta property=\"og:title\" content=\"Rencontrez l&#039;\u00e9quipe - DMC Baleares FR\" \/>\n<meta property=\"og:description\" content=\"DMC local aux \u00eeles Bal\u00e9ares avec une \u00e9quipe de professionnels pour un incentive, s\u00e9minaire et team building \u00e0 Majorque, Ibiza &amp; Minorque.\" \/>\n<meta property=\"og:url\" content=\"https:\/\/dmc-baleares.com\/fr\/qui-sommes-nous\/rencontrez-lequipe\/\" \/>\n<meta property=\"og:site_name\" content=\"DMC Baleares FR\" \/>\n<meta property=\"article:modified_time\" content=\"2023-04-25T08:23:05+00:00\" \/>\n<meta name=\"twitter:card\" content=\"summary_large_image\" \/>\n<script type=\"application\/ld+json\" class=\"yoast-schema-graph\">{\"@context\":\"https:\/\/schema.org\",\"@graph\":[{\"@type\":\"WebSite\",\"@id\":\"https:\/\/dmc-baleares.com\/fr\/#website\",\"url\":\"https:\/\/dmc-baleares.com\/fr\/\",\"name\":\"DMC Baleares FR\",\"description\":\"Agence r\\u00e9ceptive aux Bal\\u00e9ares\",\"potentialAction\":[{\"@type\":\"SearchAction\",\"target\":\"https:\/\/dmc-baleares.com\/fr\/?s={search_term_string}\",\"query-input\":\"required name=search_term_string\"}],\"inLanguage\":\"en-US\"},{\"@type\":\"WebPage\",\"@id\":\"https:\/\/dmc-baleares.com\/fr\/qui-sommes-nous\/rencontrez-lequipe\/#webpage\",\"url\":\"https:\/\/dmc-baleares.com\/fr\/qui-sommes-nous\/rencontrez-lequipe\/\",\"name\":\"Rencontrez l'\\u00e9quipe - DMC Baleares FR\",\"isPartOf\":{\"@id\":\"https:\/\/dmc-baleares.com\/fr\/#website\"},\"datePublished\":\"2019-10-26T17:20:53+00:00\",\"dateModified\":\"2023-04-25T08:23:05+00:00\",\"description\":\"DMC local aux \\u00eeles Bal\\u00e9ares avec une \\u00e9quipe de professionnels pour un incentive, s\\u00e9minaire et team building \\u00e0 Majorque, Ibiza & Minorque.\",\"breadcrumb\":{\"@id\":\"https:\/\/dmc-baleares.com\/fr\/qui-sommes-nous\/rencontrez-lequipe\/#breadcrumb\"},\"inLanguage\":\"en-US\",\"potentialAction\":[{\"@type\":\"ReadAction\",\"target\":[\"https:\/\/dmc-baleares.com\/fr\/qui-sommes-nous\/rencontrez-lequipe\/\"]}]},{\"@type\":\"BreadcrumbList\",\"@id\":\"https:\/\/dmc-baleares.com\/fr\/qui-sommes-nous\/rencontrez-lequipe\/#breadcrumb\",\"itemListElement\":[{\"@type\":\"ListItem\",\"position\":1,\"item\":{\"@type\":\"WebPage\",\"@id\":\"https:\/\/dmc-baleares.com\/fr\/\",\"url\":\"https:\/\/dmc-baleares.com\/fr\/\",\"name\":\"Home\"}},{\"@type\":\"ListItem\",\"position\":2,\"item\":{\"@type\":\"WebPage\",\"@id\":\"https:\/\/dmc-baleares.com\/fr\/qui-sommes-nous\/\",\"url\":\"https:\/\/dmc-baleares.com\/fr\/qui-sommes-nous\/\",\"name\":\"Qui Sommes-nous\"}},{\"@type\":\"ListItem\",\"position\":3,\"item\":{\"@type\":\"WebPage\",\"@id\":\"https:\/\/dmc-baleares.com\/fr\/qui-sommes-nous\/rencontrez-lequipe\/\",\"url\":\"https:\/\/dmc-baleares.com\/fr\/qui-sommes-nous\/rencontrez-lequipe\/\",\"name\":\"Rencontrez l&rsquo;\\u00e9quipe\"}}]}]}<\/script>\n<!-- \/ Yoast SEO plugin. -->","_links":{"self":[{"href":"https:\/\/dmc-baleares.com\/fr\/wp-json\/wp\/v2\/pages\/32"}],"collection":[{"href":"https:\/\/dmc-baleares.com\/fr\/wp-json\/wp\/v2\/pages"}],"about":[{"href":"https:\/\/dmc-baleares.com\/fr\/wp-json\/wp\/v2\/types\/page"}],"author":[{"embeddable":true,"href":"https:\/\/dmc-baleares.com\/fr\/wp-json\/wp\/v2\/users\/1"}],"replies":[{"embeddable":true,"href":"https:\/\/dmc-baleares.com\/fr\/wp-json\/wp\/v2\/comments?post=32"}],"version-history":[{"count":28,"href":"https:\/\/dmc-baleares.com\/fr\/wp-json\/wp\/v2\/pages\/32\/revisions"}],"predecessor-version":[{"id":1742,"href":"https:\/\/dmc-baleares.com\/fr\/wp-json\/wp\/v2\/pages\/32\/revisions\/1742"}],"up":[{"embeddable":true,"href":"https:\/\/dmc-baleares.com\/fr\/wp-json\/wp\/v2\/pages\/14"}],"wp:attachment":[{"href":"https:\/\/dmc-baleares.com\/fr\/wp-json\/wp\/v2\/media?parent=32"}],"curies":[{"name":"wp","href":"https:\/\/api.w.org\/{rel}","templated":true}]}}