{"id":34,"date":"2019-10-26T18:21:05","date_gmt":"2019-10-26T17:21:05","guid":{"rendered":"https:\/\/dmc-baleares.com\/fr\/?page_id=34"},"modified":"2021-05-06T21:35:17","modified_gmt":"2021-05-06T20:35:17","slug":"nos-clients","status":"publish","type":"page","link":"https:\/\/dmc-baleares.com\/fr\/qui-sommes-nous\/nos-clients\/","title":{"rendered":"Nos clients"},"content":{"rendered":"","protected":false},"excerpt":{"rendered":"","protected":false},"author":1,"featured_media":0,"parent":14,"menu_order":3,"comment_status":"closed","ping_status":"closed","template":"","meta":[],"yoast_head":"<!-- This site is optimized with the Yoast SEO plugin v16.1.1 - https:\/\/yoast.com\/wordpress\/plugins\/seo\/ -->\n<meta name=\"description\" content=\"Votre agence r\u00e9ceptive de confiance en Espagne et Bal\u00e9ares. Nous sommes sp\u00e9cialis\u00e9s sur Majorque, Ibiza et Minorque pour les groupes et MICE.\" \/>\n<link rel=\"canonical\" href=\"https:\/\/dmc-baleares.com\/fr\/qui-sommes-nous\/nos-clients\/\" \/>\n<meta property=\"og:locale\" content=\"en_US\" \/>\n<meta property=\"og:type\" content=\"article\" \/>\n<meta property=\"og:title\" content=\"Nos clients - DMC Baleares FR\" \/>\n<meta property=\"og:description\" content=\"Votre agence r\u00e9ceptive de confiance en Espagne et Bal\u00e9ares. Nous sommes sp\u00e9cialis\u00e9s sur Majorque, Ibiza et Minorque pour les groupes et MICE.\" \/>\n<meta property=\"og:url\" content=\"https:\/\/dmc-baleares.com\/fr\/qui-sommes-nous\/nos-clients\/\" \/>\n<meta property=\"og:site_name\" content=\"DMC Baleares FR\" \/>\n<meta property=\"article:modified_time\" content=\"2021-05-06T20:35:17+00:00\" \/>\n<meta name=\"twitter:card\" content=\"summary_large_image\" \/>\n<script type=\"application\/ld+json\" class=\"yoast-schema-graph\">{\"@context\":\"https:\/\/schema.org\",\"@graph\":[{\"@type\":\"WebSite\",\"@id\":\"https:\/\/dmc-baleares.com\/fr\/#website\",\"url\":\"https:\/\/dmc-baleares.com\/fr\/\",\"name\":\"DMC Baleares FR\",\"description\":\"Agence r\\u00e9ceptive aux Bal\\u00e9ares\",\"potentialAction\":[{\"@type\":\"SearchAction\",\"target\":\"https:\/\/dmc-baleares.com\/fr\/?s={search_term_string}\",\"query-input\":\"required name=search_term_string\"}],\"inLanguage\":\"en-US\"},{\"@type\":\"WebPage\",\"@id\":\"https:\/\/dmc-baleares.com\/fr\/qui-sommes-nous\/nos-clients\/#webpage\",\"url\":\"https:\/\/dmc-baleares.com\/fr\/qui-sommes-nous\/nos-clients\/\",\"name\":\"Nos clients - DMC Baleares FR\",\"isPartOf\":{\"@id\":\"https:\/\/dmc-baleares.com\/fr\/#website\"},\"datePublished\":\"2019-10-26T17:21:05+00:00\",\"dateModified\":\"2021-05-06T20:35:17+00:00\",\"description\":\"Votre agence r\\u00e9ceptive de confiance en Espagne et Bal\\u00e9ares. Nous sommes sp\\u00e9cialis\\u00e9s sur Majorque, Ibiza et Minorque pour les groupes et MICE.\",\"breadcrumb\":{\"@id\":\"https:\/\/dmc-baleares.com\/fr\/qui-sommes-nous\/nos-clients\/#breadcrumb\"},\"inLanguage\":\"en-US\",\"potentialAction\":[{\"@type\":\"ReadAction\",\"target\":[\"https:\/\/dmc-baleares.com\/fr\/qui-sommes-nous\/nos-clients\/\"]}]},{\"@type\":\"BreadcrumbList\",\"@id\":\"https:\/\/dmc-baleares.com\/fr\/qui-sommes-nous\/nos-clients\/#breadcrumb\",\"itemListElement\":[{\"@type\":\"ListItem\",\"position\":1,\"item\":{\"@type\":\"WebPage\",\"@id\":\"https:\/\/dmc-baleares.com\/fr\/\",\"url\":\"https:\/\/dmc-baleares.com\/fr\/\",\"name\":\"Home\"}},{\"@type\":\"ListItem\",\"position\":2,\"item\":{\"@type\":\"WebPage\",\"@id\":\"https:\/\/dmc-baleares.com\/fr\/qui-sommes-nous\/\",\"url\":\"https:\/\/dmc-baleares.com\/fr\/qui-sommes-nous\/\",\"name\":\"Qui Sommes-nous\"}},{\"@type\":\"ListItem\",\"position\":3,\"item\":{\"@type\":\"WebPage\",\"@id\":\"https:\/\/dmc-baleares.com\/fr\/qui-sommes-nous\/nos-clients\/\",\"url\":\"https:\/\/dmc-baleares.com\/fr\/qui-sommes-nous\/nos-clients\/\",\"name\":\"Nos clients\"}}]}]}<\/script>\n<!-- \/ Yoast SEO plugin. -->","_links":{"self":[{"href":"https:\/\/dmc-baleares.com\/fr\/wp-json\/wp\/v2\/pages\/34"}],"collection":[{"href":"https:\/\/dmc-baleares.com\/fr\/wp-json\/wp\/v2\/pages"}],"about":[{"href":"https:\/\/dmc-baleares.com\/fr\/wp-json\/wp\/v2\/types\/page"}],"author":[{"embeddable":true,"href":"https:\/\/dmc-baleares.com\/fr\/wp-json\/wp\/v2\/users\/1"}],"replies":[{"embeddable":true,"href":"https:\/\/dmc-baleares.com\/fr\/wp-json\/wp\/v2\/comments?post=34"}],"version-history":[{"count":31,"href":"https:\/\/dmc-baleares.com\/fr\/wp-json\/wp\/v2\/pages\/34\/revisions"}],"predecessor-version":[{"id":1022,"href":"https:\/\/dmc-baleares.com\/fr\/wp-json\/wp\/v2\/pages\/34\/revisions\/1022"}],"up":[{"embeddable":true,"href":"https:\/\/dmc-baleares.com\/fr\/wp-json\/wp\/v2\/pages\/14"}],"wp:attachment":[{"href":"https:\/\/dmc-baleares.com\/fr\/wp-json\/wp\/v2\/media?parent=34"}],"curies":[{"name":"wp","href":"https:\/\/api.w.org\/{rel}","templated":true}]}}