{"id":40,"date":"2019-10-26T18:21:33","date_gmt":"2019-10-26T17:21:33","guid":{"rendered":"https:\/\/dmc-baleares.com\/fr\/?page_id=40"},"modified":"2021-05-06T21:14:44","modified_gmt":"2021-05-06T20:14:44","slug":"proevents","status":"publish","type":"page","link":"https:\/\/dmc-baleares.com\/fr\/que-faisons-nous\/proevents\/","title":{"rendered":"ProEvents"},"content":{"rendered":"<p>3<\/p>\n","protected":false},"excerpt":{"rendered":"<p>3<\/p>\n","protected":false},"author":1,"featured_media":0,"parent":16,"menu_order":3,"comment_status":"closed","ping_status":"closed","template":"","meta":[],"yoast_head":"<!-- This site is optimized with the Yoast SEO plugin v16.1.1 - https:\/\/yoast.com\/wordpress\/plugins\/seo\/ -->\n<meta name=\"description\" content=\"Agence \u00e9v\u00e9nementiel sp\u00e9cialiste des Bal\u00e9ares, organisation d&#039;\u00e9v\u00e9nements, s\u00e9minaires et congr\u00e8s \u00e0 Majorque, Ibiza, et Minorque.\" \/>\n<link rel=\"canonical\" href=\"https:\/\/dmc-baleares.com\/fr\/que-faisons-nous\/proevents\/\" \/>\n<meta property=\"og:locale\" content=\"en_US\" \/>\n<meta property=\"og:type\" content=\"article\" \/>\n<meta property=\"og:title\" content=\"ProEvents - DMC Baleares FR\" \/>\n<meta property=\"og:description\" content=\"Agence \u00e9v\u00e9nementiel sp\u00e9cialiste des Bal\u00e9ares, organisation d&#039;\u00e9v\u00e9nements, s\u00e9minaires et congr\u00e8s \u00e0 Majorque, Ibiza, et Minorque.\" \/>\n<meta property=\"og:url\" content=\"https:\/\/dmc-baleares.com\/fr\/que-faisons-nous\/proevents\/\" \/>\n<meta property=\"og:site_name\" content=\"DMC Baleares FR\" \/>\n<meta property=\"article:modified_time\" content=\"2021-05-06T20:14:44+00:00\" \/>\n<meta name=\"twitter:card\" content=\"summary_large_image\" \/>\n<script type=\"application\/ld+json\" class=\"yoast-schema-graph\">{\"@context\":\"https:\/\/schema.org\",\"@graph\":[{\"@type\":\"WebSite\",\"@id\":\"https:\/\/dmc-baleares.com\/fr\/#website\",\"url\":\"https:\/\/dmc-baleares.com\/fr\/\",\"name\":\"DMC Baleares FR\",\"description\":\"Agence r\\u00e9ceptive aux Bal\\u00e9ares\",\"potentialAction\":[{\"@type\":\"SearchAction\",\"target\":\"https:\/\/dmc-baleares.com\/fr\/?s={search_term_string}\",\"query-input\":\"required name=search_term_string\"}],\"inLanguage\":\"en-US\"},{\"@type\":\"WebPage\",\"@id\":\"https:\/\/dmc-baleares.com\/fr\/que-faisons-nous\/proevents\/#webpage\",\"url\":\"https:\/\/dmc-baleares.com\/fr\/que-faisons-nous\/proevents\/\",\"name\":\"ProEvents - DMC Baleares FR\",\"isPartOf\":{\"@id\":\"https:\/\/dmc-baleares.com\/fr\/#website\"},\"datePublished\":\"2019-10-26T17:21:33+00:00\",\"dateModified\":\"2021-05-06T20:14:44+00:00\",\"description\":\"Agence \\u00e9v\\u00e9nementiel sp\\u00e9cialiste des Bal\\u00e9ares, organisation d'\\u00e9v\\u00e9nements, s\\u00e9minaires et congr\\u00e8s \\u00e0 Majorque, Ibiza, et Minorque.\",\"breadcrumb\":{\"@id\":\"https:\/\/dmc-baleares.com\/fr\/que-faisons-nous\/proevents\/#breadcrumb\"},\"inLanguage\":\"en-US\",\"potentialAction\":[{\"@type\":\"ReadAction\",\"target\":[\"https:\/\/dmc-baleares.com\/fr\/que-faisons-nous\/proevents\/\"]}]},{\"@type\":\"BreadcrumbList\",\"@id\":\"https:\/\/dmc-baleares.com\/fr\/que-faisons-nous\/proevents\/#breadcrumb\",\"itemListElement\":[{\"@type\":\"ListItem\",\"position\":1,\"item\":{\"@type\":\"WebPage\",\"@id\":\"https:\/\/dmc-baleares.com\/fr\/\",\"url\":\"https:\/\/dmc-baleares.com\/fr\/\",\"name\":\"Home\"}},{\"@type\":\"ListItem\",\"position\":2,\"item\":{\"@type\":\"WebPage\",\"@id\":\"https:\/\/dmc-baleares.com\/fr\/que-faisons-nous\/\",\"url\":\"https:\/\/dmc-baleares.com\/fr\/que-faisons-nous\/\",\"name\":\"Que Faisons-nous\"}},{\"@type\":\"ListItem\",\"position\":3,\"item\":{\"@type\":\"WebPage\",\"@id\":\"https:\/\/dmc-baleares.com\/fr\/que-faisons-nous\/proevents\/\",\"url\":\"https:\/\/dmc-baleares.com\/fr\/que-faisons-nous\/proevents\/\",\"name\":\"ProEvents\"}}]}]}<\/script>\n<!-- \/ Yoast SEO plugin. -->","_links":{"self":[{"href":"https:\/\/dmc-baleares.com\/fr\/wp-json\/wp\/v2\/pages\/40"}],"collection":[{"href":"https:\/\/dmc-baleares.com\/fr\/wp-json\/wp\/v2\/pages"}],"about":[{"href":"https:\/\/dmc-baleares.com\/fr\/wp-json\/wp\/v2\/types\/page"}],"author":[{"embeddable":true,"href":"https:\/\/dmc-baleares.com\/fr\/wp-json\/wp\/v2\/users\/1"}],"replies":[{"embeddable":true,"href":"https:\/\/dmc-baleares.com\/fr\/wp-json\/wp\/v2\/comments?post=40"}],"version-history":[{"count":13,"href":"https:\/\/dmc-baleares.com\/fr\/wp-json\/wp\/v2\/pages\/40\/revisions"}],"predecessor-version":[{"id":880,"href":"https:\/\/dmc-baleares.com\/fr\/wp-json\/wp\/v2\/pages\/40\/revisions\/880"}],"up":[{"embeddable":true,"href":"https:\/\/dmc-baleares.com\/fr\/wp-json\/wp\/v2\/pages\/16"}],"wp:attachment":[{"href":"https:\/\/dmc-baleares.com\/fr\/wp-json\/wp\/v2\/media?parent=40"}],"curies":[{"name":"wp","href":"https:\/\/api.w.org\/{rel}","templated":true}]}}