{"id":42,"date":"2019-10-26T18:22:15","date_gmt":"2019-10-26T17:22:15","guid":{"rendered":"https:\/\/dmc-baleares.com\/fr\/?page_id=42"},"modified":"2021-05-06T21:25:30","modified_gmt":"2021-05-06T20:25:30","slug":"etudes-de-cas","status":"publish","type":"page","link":"https:\/\/dmc-baleares.com\/fr\/que-faisons-nous\/etudes-de-cas\/","title":{"rendered":"\u00c9tudes de cas"},"content":{"rendered":"","protected":false},"excerpt":{"rendered":"","protected":false},"author":1,"featured_media":0,"parent":16,"menu_order":4,"comment_status":"closed","ping_status":"closed","template":"","meta":[],"yoast_head":"<!-- This site is optimized with the Yoast SEO plugin v16.1.1 - https:\/\/yoast.com\/wordpress\/plugins\/seo\/ -->\n<meta name=\"description\" content=\"Incentives, team building, congr\u00e8s aux Bal\u00e9ares. Majorque, Ibiza et Minorque : exp\u00e9riences sur mesure pour des groupes.\" \/>\n<link rel=\"canonical\" href=\"https:\/\/dmc-baleares.com\/fr\/que-faisons-nous\/etudes-de-cas\/\" \/>\n<meta property=\"og:locale\" content=\"en_US\" \/>\n<meta property=\"og:type\" content=\"article\" \/>\n<meta property=\"og:title\" content=\"\u00c9tudes de cas - DMC Baleares FR\" \/>\n<meta property=\"og:description\" content=\"Incentives, team building, congr\u00e8s aux Bal\u00e9ares. Majorque, Ibiza et Minorque : exp\u00e9riences sur mesure pour des groupes.\" \/>\n<meta property=\"og:url\" content=\"https:\/\/dmc-baleares.com\/fr\/que-faisons-nous\/etudes-de-cas\/\" \/>\n<meta property=\"og:site_name\" content=\"DMC Baleares FR\" \/>\n<meta property=\"article:modified_time\" content=\"2021-05-06T20:25:30+00:00\" \/>\n<meta name=\"twitter:card\" content=\"summary_large_image\" \/>\n<script type=\"application\/ld+json\" class=\"yoast-schema-graph\">{\"@context\":\"https:\/\/schema.org\",\"@graph\":[{\"@type\":\"WebSite\",\"@id\":\"https:\/\/dmc-baleares.com\/fr\/#website\",\"url\":\"https:\/\/dmc-baleares.com\/fr\/\",\"name\":\"DMC Baleares FR\",\"description\":\"Agence r\\u00e9ceptive aux Bal\\u00e9ares\",\"potentialAction\":[{\"@type\":\"SearchAction\",\"target\":\"https:\/\/dmc-baleares.com\/fr\/?s={search_term_string}\",\"query-input\":\"required name=search_term_string\"}],\"inLanguage\":\"en-US\"},{\"@type\":\"WebPage\",\"@id\":\"https:\/\/dmc-baleares.com\/fr\/que-faisons-nous\/etudes-de-cas\/#webpage\",\"url\":\"https:\/\/dmc-baleares.com\/fr\/que-faisons-nous\/etudes-de-cas\/\",\"name\":\"\\u00c9tudes de cas - DMC Baleares FR\",\"isPartOf\":{\"@id\":\"https:\/\/dmc-baleares.com\/fr\/#website\"},\"datePublished\":\"2019-10-26T17:22:15+00:00\",\"dateModified\":\"2021-05-06T20:25:30+00:00\",\"description\":\"Incentives, team building, congr\\u00e8s aux Bal\\u00e9ares. Majorque, Ibiza et Minorque : exp\\u00e9riences sur mesure pour des groupes.\",\"breadcrumb\":{\"@id\":\"https:\/\/dmc-baleares.com\/fr\/que-faisons-nous\/etudes-de-cas\/#breadcrumb\"},\"inLanguage\":\"en-US\",\"potentialAction\":[{\"@type\":\"ReadAction\",\"target\":[\"https:\/\/dmc-baleares.com\/fr\/que-faisons-nous\/etudes-de-cas\/\"]}]},{\"@type\":\"BreadcrumbList\",\"@id\":\"https:\/\/dmc-baleares.com\/fr\/que-faisons-nous\/etudes-de-cas\/#breadcrumb\",\"itemListElement\":[{\"@type\":\"ListItem\",\"position\":1,\"item\":{\"@type\":\"WebPage\",\"@id\":\"https:\/\/dmc-baleares.com\/fr\/\",\"url\":\"https:\/\/dmc-baleares.com\/fr\/\",\"name\":\"Home\"}},{\"@type\":\"ListItem\",\"position\":2,\"item\":{\"@type\":\"WebPage\",\"@id\":\"https:\/\/dmc-baleares.com\/fr\/que-faisons-nous\/\",\"url\":\"https:\/\/dmc-baleares.com\/fr\/que-faisons-nous\/\",\"name\":\"Que Faisons-nous\"}},{\"@type\":\"ListItem\",\"position\":3,\"item\":{\"@type\":\"WebPage\",\"@id\":\"https:\/\/dmc-baleares.com\/fr\/que-faisons-nous\/etudes-de-cas\/\",\"url\":\"https:\/\/dmc-baleares.com\/fr\/que-faisons-nous\/etudes-de-cas\/\",\"name\":\"\\u00c9tudes de cas\"}}]}]}<\/script>\n<!-- \/ Yoast SEO plugin. -->","_links":{"self":[{"href":"https:\/\/dmc-baleares.com\/fr\/wp-json\/wp\/v2\/pages\/42"}],"collection":[{"href":"https:\/\/dmc-baleares.com\/fr\/wp-json\/wp\/v2\/pages"}],"about":[{"href":"https:\/\/dmc-baleares.com\/fr\/wp-json\/wp\/v2\/types\/page"}],"author":[{"embeddable":true,"href":"https:\/\/dmc-baleares.com\/fr\/wp-json\/wp\/v2\/users\/1"}],"replies":[{"embeddable":true,"href":"https:\/\/dmc-baleares.com\/fr\/wp-json\/wp\/v2\/comments?post=42"}],"version-history":[{"count":13,"href":"https:\/\/dmc-baleares.com\/fr\/wp-json\/wp\/v2\/pages\/42\/revisions"}],"predecessor-version":[{"id":1691,"href":"https:\/\/dmc-baleares.com\/fr\/wp-json\/wp\/v2\/pages\/42\/revisions\/1691"}],"up":[{"embeddable":true,"href":"https:\/\/dmc-baleares.com\/fr\/wp-json\/wp\/v2\/pages\/16"}],"wp:attachment":[{"href":"https:\/\/dmc-baleares.com\/fr\/wp-json\/wp\/v2\/media?parent=42"}],"curies":[{"name":"wp","href":"https:\/\/api.w.org\/{rel}","templated":true}]}}